{"id":1408,"date":"2017-05-18T13:37:16","date_gmt":"2017-05-18T13:37:16","guid":{"rendered":"https:\/\/tango-on-a-visit-film.de\/?page_id=1408"},"modified":"2025-01-27T21:09:32","modified_gmt":"2025-01-27T21:09:32","slug":"crew","status":"publish","type":"page","link":"https:\/\/tango-on-a-visit-film.de\/en\/crew","title":{"rendered":"crew"},"content":{"rendered":"<h3>THE FILM CREW<\/h3>\n<p>DRIRECOR, SCRIPT, PRODUCER: Irene Sch\u00fcller<\/p>\n<p>CAMERA: Paul Meuth, Irene Sch\u00fcller, Julian Springhart, Mark Klotz<\/p>\n<p>EDITING: Evgeny Kalachikhin, Irene Sch\u00fcller, Sascha Seidel<\/p>\n<p>SOUND RECORDING: Stephan Schneider<\/p>\n<p>TECHNICAL CONSULTANT: Evgeny Kalachikhin<\/p>\n<p>DRAMATIC &amp; PRODUCTION CONSULTANTS: Valentin Greutert, Mirjam von Arx<\/p>\n<p>SOUND DESIGN: Christian Heck<\/p>\n<p>COLOR CORRECTION: Dschafar el Kassem,\u00a0Evgeny Kalachikhin<\/p>\n<p>MUSIC CONSULTANT: Corinna Poeszus<\/p>\n<p>SUBTITLES: Odilon Marx<\/p>\n<p>TITEL DESIGN: Andreas Hirsch, Sebastian Lange<\/p>\n<h3>SUPPORTED BY<\/h3>\n<p>MFG film funding Baden-Wuerttemberg<\/p>\n<p>Senate Chancellery Berlin<\/p>\n<p>Cultural Office\u00a0Freiburg<\/p>\n<p><strong>co-financed by the crowd via<\/strong><\/p>\n<p>Startnext<\/p>\n","protected":false},"excerpt":{"rendered":"<p>THE FILM CREW DRIRECOR, SCRIPT, PRODUCER: Irene Sch\u00fcller CAMERA: Paul Meuth, Irene Sch\u00fcller, Julian Springhart, Mark Klotz EDITING: Evgeny Kalachikhin, Irene Sch\u00fcller, Sascha Seidel SOUND RECORDING: Stephan Schneider TECHNICAL CONSULTANT:&#8230;<\/p>\n","protected":false},"author":1,"featured_media":0,"parent":0,"menu_order":0,"comment_status":"closed","ping_status":"closed","template":"","meta":{"footnotes":""},"class_list":["post-1408","page","type-page","status-publish"],"_links":{"self":[{"href":"https:\/\/tango-on-a-visit-film.de\/en\/wp-json\/wp\/v2\/pages\/1408","targetHints":{"allow":["GET"]}}],"collection":[{"href":"https:\/\/tango-on-a-visit-film.de\/en\/wp-json\/wp\/v2\/pages"}],"about":[{"href":"https:\/\/tango-on-a-visit-film.de\/en\/wp-json\/wp\/v2\/types\/page"}],"author":[{"embeddable":true,"href":"https:\/\/tango-on-a-visit-film.de\/en\/wp-json\/wp\/v2\/users\/1"}],"replies":[{"embeddable":true,"href":"https:\/\/tango-on-a-visit-film.de\/en\/wp-json\/wp\/v2\/comments?post=1408"}],"version-history":[{"count":1,"href":"https:\/\/tango-on-a-visit-film.de\/en\/wp-json\/wp\/v2\/pages\/1408\/revisions"}],"predecessor-version":[{"id":1409,"href":"https:\/\/tango-on-a-visit-film.de\/en\/wp-json\/wp\/v2\/pages\/1408\/revisions\/1409"}],"wp:attachment":[{"href":"https:\/\/tango-on-a-visit-film.de\/en\/wp-json\/wp\/v2\/media?parent=1408"}],"curies":[{"name":"wp","href":"https:\/\/api.w.org\/{rel}","templated":true}]}}