{"id":1416,"date":"2017-05-16T17:36:00","date_gmt":"2017-05-16T17:36:00","guid":{"rendered":"https:\/\/tango-on-a-visit-film.de\/?page_id=1416"},"modified":"2026-04-01T17:20:36","modified_gmt":"2026-04-01T17:20:36","slug":"impressum-data-privacy","status":"publish","type":"page","link":"https:\/\/tango-on-a-visit-film.de\/en\/impressum-data-privacy","title":{"rendered":"Impressum &amp; Data Privacy"},"content":{"rendered":"<h2>Impressum<\/h2>\n<p>All works \u00a9 VG Bild-Kunst, Bonn 2017<\/p>\n<h2>Responsible for content<\/h2>\n<p>Irene Sch\u00fcller<br \/>\nHildastr. 25<br \/>\nD &#8211; 79102 Freiburg<br \/>\nMobile: +49 179 3273235<\/p>\n<h2>Datenschutzerkl\u00e4rung<\/h2>\n<p>Wir nehmen den Schutz Ihrer pers\u00f6nlichen Daten sehr ernst und halten uns strikt an die Regeln der Datenschutzgesetze.<br \/>\nPersonenbezogene Daten werden auf unserer Website nur im technisch notwendigen Umfang erhoben. In keinem Fall werden die erhobenen Daten verkauft oder aus anderen Gr\u00fcnden an Dritte weitergegeben.<\/p>\n<p>Die nachfolgende Erkl\u00e4rung gibt Ihnen einen \u00dcberblick, wie wir diesen Schutz gew\u00e4hrleisten und welche Art von Daten zu welchem Zweck erhoben werden:<\/p>\n<p><b>Datenverarbeitung auf dieser Internetseite<\/b><br \/>\nWir erheben und speichern automatisch in unseren Server Log Files Informationen, die Ihr Browser an uns \u00fcbermittelt. Dies sind:<\/p>\n<ul>\n<li>Browsertyp \/ -version<\/li>\n<li>verwendetes Betriebssystem<\/li>\n<li>Referrer URL (die zuvor besuchte Seite)<\/li>\n<li>Hostname des zugreifenden Rechners (IP-Adresse)<\/li>\n<li>Uhrzeit der Serveranfrage<\/li>\n<\/ul>\n<p>Diese Daten sind f\u00fcr uns nicht bestimmten Personen zuordenbar. Eine Zusammenf\u00fchrung dieser Daten mit anderen Datenquellen wird nicht vorgenommen, die Daten werden zudem nach einer statistischen Auswertung gel\u00f6scht.<br \/>\nDar\u00fcber hinausgehende personenbezogene Angaben, wie Ihr Name, Ihre Anschrift, Ihre Telefonnummer oder E-Mail-Adresse werden nicht erfasst; es sei denn diese Angaben werden von Ihnen freiwillig gemacht, z.B. im Rahmen einer Registrierung oder einer Informationsanfrage.<\/p>\n<p><b>Nutzung personenbezogener Daten<\/b><br \/>\nWenn Sie uns pers\u00f6nliche Daten zur Verf\u00fcgung stellen, werden diese Daten nur f\u00fcr den angegebenen Zweck genutzt, dem Sie vor der Dateneingabe zugestimmt haben. Wir werden Ihre pers\u00f6nlichen Daten nur solange behalten, wie dies f\u00fcr den vorgesehenen Zweck erforderlich oder gesetzlich vorgeschrieben ist.<\/p>\n<p><b>Cookies und Links<\/b><br \/>\nAuf unseren Internetseiten verwenden wir in aller Regel keine Cookies. Nur in Ausnahmef\u00e4llen werden sog. Session-Cookies eingesetzt, diese werden nach dem Ende Ihres Besuches automatisch gel\u00f6scht. Cookies richten auf Ihrem Rechner weder Schaden an noch enthalten sie Viren.<\/p>\n<p>Trotz sorgf\u00e4ltiger inhaltlicher Kontrolle \u00fcbernehme ich keine Haftung f\u00fcr die Inhalte externer Links. F\u00fcr den Inhalt der verlinkten Seiten sind ausschlie\u00dflich deren Betreiber verantwortlich.<\/p>\n<p><b>Datensicherheit und Datenschutz<\/b><br \/>\nIhre personenbezogenen Daten werden durch Ergreifung aller technischen und administrativen M\u00f6glichkeiten so gespeichert, dass sie f\u00fcr Dritte nicht zug\u00e4nglich sind. Bei der Kommunikation per E-Mail kann eine vollst\u00e4ndige Datensicherheit nicht gew\u00e4hrleistet werden, so dass wir Ihnen bei vertraulichen Informationen den Postweg empfehlen.<\/p>\n<p><b>Auskunftsrecht<\/b><br \/>\nSie haben jederzeit das Recht auf Auskunft \u00fcber die bez\u00fcglich Ihrer Person gespeicherten Daten. Sie haben die M\u00f6glichkeit diese ggf. berichtigen zu lassen, bzw. die L\u00f6schung Ihrer Daten zu verlangen. Ihre Daten werden dann gel\u00f6scht, falls dem nicht gesetzliche Regelungen entgegenstehen. Sie k\u00f6nnen die uns erteilte Erlaubnis, Ihre pers\u00f6nlichen Daten zu nutzen, jederzeit widerrufen.[:]\n","protected":false},"excerpt":{"rendered":"<p>Impressum All works \u00a9 VG Bild-Kunst, Bonn 2017 Responsible for content Irene Sch\u00fcller Hildastr. 25 D &#8211; 79102 Freiburg Mobile: +49 179 3273235 Datenschutzerkl\u00e4rung Wir nehmen den Schutz Ihrer pers\u00f6nlichen&#8230;<\/p>\n","protected":false},"author":1,"featured_media":0,"parent":0,"menu_order":0,"comment_status":"closed","ping_status":"closed","template":"","meta":{"footnotes":""},"class_list":["post-1416","page","type-page","status-publish"],"_links":{"self":[{"href":"https:\/\/tango-on-a-visit-film.de\/en\/wp-json\/wp\/v2\/pages\/1416","targetHints":{"allow":["GET"]}}],"collection":[{"href":"https:\/\/tango-on-a-visit-film.de\/en\/wp-json\/wp\/v2\/pages"}],"about":[{"href":"https:\/\/tango-on-a-visit-film.de\/en\/wp-json\/wp\/v2\/types\/page"}],"author":[{"embeddable":true,"href":"https:\/\/tango-on-a-visit-film.de\/en\/wp-json\/wp\/v2\/users\/1"}],"replies":[{"embeddable":true,"href":"https:\/\/tango-on-a-visit-film.de\/en\/wp-json\/wp\/v2\/comments?post=1416"}],"version-history":[{"count":3,"href":"https:\/\/tango-on-a-visit-film.de\/en\/wp-json\/wp\/v2\/pages\/1416\/revisions"}],"predecessor-version":[{"id":1497,"href":"https:\/\/tango-on-a-visit-film.de\/en\/wp-json\/wp\/v2\/pages\/1416\/revisions\/1497"}],"wp:attachment":[{"href":"https:\/\/tango-on-a-visit-film.de\/en\/wp-json\/wp\/v2\/media?parent=1416"}],"curies":[{"name":"wp","href":"https:\/\/api.w.org\/{rel}","templated":true}]}}