{"id":1426,"date":"2017-08-09T14:36:49","date_gmt":"2017-08-09T14:36:49","guid":{"rendered":"https:\/\/tango-on-a-visit-film.de\/?page_id=1426"},"modified":"2025-01-27T21:14:57","modified_gmt":"2025-01-27T21:14:57","slug":"press-kit","status":"publish","type":"page","link":"https:\/\/tango-on-a-visit-film.de\/en\/press-kit","title":{"rendered":"Press kit"},"content":{"rendered":"<h3>PRESS KIT<br \/>\nArtikel, Poster, Flyer und Postkarten zum Download<\/h3>\n<p><a href=\"https:\/\/tango-on-a-visit-film.de\/wp-content\/uploads\/2018\/02\/TANGO_tip-Berlin23022018.pdf\" target=\"_blank\" rel=\"noopener noreferrer\">&#8220;Auf Tuchf\u00fchlung&#8221;<\/a>, tip Berlin<\/p>\n<p><a href=\"https:\/\/www.abendblatt.de\/nachrichten\/article213363169\/Tango-zu-Besuch-Intime-Begegnungen-auf-der-Tanzflaeche.html\" target=\"_blank\" rel=\"noopener noreferrer\">&#8220;Tango zu Besuch&#8221;: Intime Begegnungen auf der Tanzfl\u00e4che,<\/a> Hamburger Abendblatt<\/p>\n<p><em><a href=\"https:\/\/tango-on-a-visit-film.de\/wp-content\/uploads\/2017\/11\/00_FILMKRITIK_Tango-zu-Besuch_v03.pdf\" target=\"_blank\" rel=\"noopener noreferrer\">&#8220;Jede Szene ist eine kleine Liebeserkl\u00e4rung.<\/a><strong>&#8220;<\/strong> <\/em>Rezension zum Film von Lea Martin, Berlin<\/p>\n<p><a href=\"http:\/\/www.badische-zeitung.de\/kino-11\/tango-macht-gluecklich--135909252.html\" target=\"_blank\" rel=\"noopener noreferrer\">&#8220;Tango macht gl\u00fccklich&#8221;, Badische Zeitung<\/a>, Rezension zum Film von Bettina Schulte, Freiburg<\/p>\n<p><a href=\"http:\/\/www.badische-zeitung.de\/freiburg\/irene-schueller-hat-einen-film-ueber-freiburgs-tangoszene-gedreht--132989583.html\" target=\"_blank\" rel=\"noopener noreferrer\">Leute in der Stadt 2&#8230;, Badische Zeitung,<\/a> Bettina Gr\u00f6ber<\/p>\n<p><a href=\"http:\/\/www.badische-zeitung.de\/freiburg\/irene-schueller-dreht-einen-film-ueber-die-freiburger-tangoszene--100584386.html\" target=\"_blank\" rel=\"noopener noreferrer\">Leute in der Stadt&#8230;, Badische Zeitung<\/a>, Steffen Bonhoff<\/p>\n<p><a href=\"https:\/\/tango-on-a-visit-film.de\/wp-content\/uploads\/2017\/12\/TANGO-ON-A-VISIT.pdf\" target=\"_blank\" rel=\"noopener noreferrer\">R\u00fcckmeldung der Kuratoren des Oaxaca Filmfestes\/Mexico<\/a><\/p>\n<p><a href=\"https:\/\/tango-on-a-visit-film.de\/wp-content\/uploads\/2017\/08\/DIN-A1_Tango-on-a-visit-final-2-NEU.pdf\">Poster DIN-A1_Tango-on-a-visit-deutsch<\/a><\/p>\n<p><a href=\"https:\/\/tango-on-a-visit-film.de\/wp-content\/uploads\/2017\/08\/DIN-A2_Tango-on-a-visit-final-2-NEU.pdf\">Poster DIN-A2_Tango-on-a-visit-deutsch<\/a><\/p>\n<p><a href=\"https:\/\/tango-on-a-visit-film.de\/wp-content\/uploads\/2017\/08\/PK-2-Tango-on-a-visit-final-S2-NEU.pdf\">Postkarten-Tango-on-a-visit<\/a><\/p>\n<p><a href=\"https:\/\/tango-on-a-visit-film.de\/wp-content\/uploads\/2017\/08\/FL-Tango-on-a-visit-2b.pdf\">Flyer-einseitig_schwarz<\/a><\/p>\n<p><a href=\"https:\/\/tango-on-a-visit-film.de\/wp-content\/uploads\/2024\/07\/2024_EN_FL-Tango-on-a-visit-5b_frontback.pdf\" target=\"_blank\" rel=\"noopener noreferrer\">Flyer-double-paged_beige<\/a><\/p>\n","protected":false},"excerpt":{"rendered":"<p>PRESS KIT Artikel, Poster, Flyer und Postkarten zum Download &#8220;Auf Tuchf\u00fchlung&#8221;, tip Berlin &#8220;Tango zu Besuch&#8221;: Intime Begegnungen auf der Tanzfl\u00e4che, Hamburger Abendblatt &#8220;Jede Szene ist eine kleine Liebeserkl\u00e4rung.&#8220; Rezension&#8230;<\/p>\n","protected":false},"author":1,"featured_media":0,"parent":0,"menu_order":0,"comment_status":"closed","ping_status":"closed","template":"","meta":{"footnotes":""},"class_list":["post-1426","page","type-page","status-publish"],"_links":{"self":[{"href":"https:\/\/tango-on-a-visit-film.de\/en\/wp-json\/wp\/v2\/pages\/1426","targetHints":{"allow":["GET"]}}],"collection":[{"href":"https:\/\/tango-on-a-visit-film.de\/en\/wp-json\/wp\/v2\/pages"}],"about":[{"href":"https:\/\/tango-on-a-visit-film.de\/en\/wp-json\/wp\/v2\/types\/page"}],"author":[{"embeddable":true,"href":"https:\/\/tango-on-a-visit-film.de\/en\/wp-json\/wp\/v2\/users\/1"}],"replies":[{"embeddable":true,"href":"https:\/\/tango-on-a-visit-film.de\/en\/wp-json\/wp\/v2\/comments?post=1426"}],"version-history":[{"count":1,"href":"https:\/\/tango-on-a-visit-film.de\/en\/wp-json\/wp\/v2\/pages\/1426\/revisions"}],"predecessor-version":[{"id":1427,"href":"https:\/\/tango-on-a-visit-film.de\/en\/wp-json\/wp\/v2\/pages\/1426\/revisions\/1427"}],"wp:attachment":[{"href":"https:\/\/tango-on-a-visit-film.de\/en\/wp-json\/wp\/v2\/media?parent=1426"}],"curies":[{"name":"wp","href":"https:\/\/api.w.org\/{rel}","templated":true}]}}